{"id":19,"date":"2024-07-20T13:13:46","date_gmt":"2024-07-20T13:13:46","guid":{"rendered":"http:\/\/www.bodes.com.tr\/index.php\/front_page\/"},"modified":"2024-09-21T10:43:40","modified_gmt":"2024-09-21T10:43:40","slug":"front_page","status":"publish","type":"page","link":"https:\/\/www.bodes.com.tr\/","title":{"rendered":""},"content":{"rendered":"\n<figure class=\"wp-block-image size-large\"><img loading=\"lazy\" decoding=\"async\" width=\"1024\" height=\"149\" src=\"http:\/\/www.bodes.com.tr\/wp-content\/uploads\/2024\/09\/Zayif-Akim-1-1024x149.png\" alt=\"\" class=\"wp-image-91\" srcset=\"https:\/\/www.bodes.com.tr\/wp-content\/uploads\/2024\/09\/Zayif-Akim-1-1024x149.png 1024w, https:\/\/www.bodes.com.tr\/wp-content\/uploads\/2024\/09\/Zayif-Akim-1-300x44.png 300w, https:\/\/www.bodes.com.tr\/wp-content\/uploads\/2024\/09\/Zayif-Akim-1-2000x292.png 2000w\" sizes=\"auto, (max-width: 1024px) 100vw, 1024px\" \/><\/figure>\n\n\n\n<figure class=\"wp-block-image alignfull size-large\"><img loading=\"lazy\" decoding=\"async\" width=\"1024\" height=\"512\" src=\"http:\/\/www.bodes.com.tr\/wp-content\/uploads\/2024\/09\/Akis-Sayfasi-Cozumkler-Gorseli1-1024x512.png\" alt=\"\" class=\"wp-image-131\" srcset=\"https:\/\/www.bodes.com.tr\/wp-content\/uploads\/2024\/09\/Akis-Sayfasi-Cozumkler-Gorseli1-1024x512.png 1024w, https:\/\/www.bodes.com.tr\/wp-content\/uploads\/2024\/09\/Akis-Sayfasi-Cozumkler-Gorseli1-300x150.png 300w, https:\/\/www.bodes.com.tr\/wp-content\/uploads\/2024\/09\/Akis-Sayfasi-Cozumkler-Gorseli1-2000x1000.png 2000w\" sizes=\"auto, (max-width: 1024px) 100vw, 1024px\" \/><\/figure>\n\n\n\n<div class=\"wp-block-columns is-layout-flex wp-container-core-columns-is-layout-28f84493 wp-block-columns-is-layout-flex\">\n<div class=\"wp-block-column is-layout-flow wp-block-column-is-layout-flow\" style=\"flex-basis:100%\">\n<div class=\"wp-block-columns is-layout-flex wp-container-core-columns-is-layout-28f84493 wp-block-columns-is-layout-flex\">\n<div class=\"wp-block-column is-layout-flow wp-block-column-is-layout-flow\" style=\"flex-basis:100%\">\n<div class=\"wp-block-columns is-layout-flex wp-container-core-columns-is-layout-28f84493 wp-block-columns-is-layout-flex\">\n<div class=\"wp-block-column is-layout-flow wp-block-column-is-layout-flow\">\n<div class=\"wp-block-group has-global-padding is-layout-constrained wp-block-group-is-layout-constrained\">\n<div class=\"wp-block-columns is-layout-flex wp-container-core-columns-is-layout-28f84493 wp-block-columns-is-layout-flex\">\n<div class=\"wp-block-column is-layout-flow wp-block-column-is-layout-flow\">\n<div class=\"wp-block-columns is-layout-flex wp-container-core-columns-is-layout-28f84493 wp-block-columns-is-layout-flex\">\n<div class=\"wp-block-column is-layout-flow wp-block-column-is-layout-flow\"><\/div>\n<\/div>\n\n\n\n<hr class=\"wp-block-separator has-alpha-channel-opacity\"\/>\n\n\n\n<h2 class=\"wp-block-heading has-text-align-center\">\u00c7\u00f6z\u00fcm Ortaklar\u0131m\u0131z<\/h2>\n<\/div>\n<\/div>\n<\/div>\n<\/div>\n<\/div>\n<\/div>\n<\/div>\n<\/div>\n<\/div>\n\n\n\n<p><\/p>\n\n\n\n<p><\/p>\n","protected":false},"excerpt":{"rendered":"<p>\u00c7\u00f6z\u00fcm Ortaklar\u0131m\u0131z<\/p>\n","protected":false},"author":1,"featured_media":0,"parent":0,"menu_order":0,"comment_status":"closed","ping_status":"closed","template":"","meta":{"inspiro_hide_title":false,"footnotes":""},"class_list":["post-19","page","type-page","status-publish","hentry"],"_links":{"self":[{"href":"https:\/\/www.bodes.com.tr\/index.php\/wp-json\/wp\/v2\/pages\/19","targetHints":{"allow":["GET"]}}],"collection":[{"href":"https:\/\/www.bodes.com.tr\/index.php\/wp-json\/wp\/v2\/pages"}],"about":[{"href":"https:\/\/www.bodes.com.tr\/index.php\/wp-json\/wp\/v2\/types\/page"}],"author":[{"embeddable":true,"href":"https:\/\/www.bodes.com.tr\/index.php\/wp-json\/wp\/v2\/users\/1"}],"replies":[{"embeddable":true,"href":"https:\/\/www.bodes.com.tr\/index.php\/wp-json\/wp\/v2\/comments?post=19"}],"version-history":[{"count":15,"href":"https:\/\/www.bodes.com.tr\/index.php\/wp-json\/wp\/v2\/pages\/19\/revisions"}],"predecessor-version":[{"id":133,"href":"https:\/\/www.bodes.com.tr\/index.php\/wp-json\/wp\/v2\/pages\/19\/revisions\/133"}],"wp:attachment":[{"href":"https:\/\/www.bodes.com.tr\/index.php\/wp-json\/wp\/v2\/media?parent=19"}],"curies":[{"name":"wp","href":"https:\/\/api.w.org\/{rel}","templated":true}]}}